{"id":8834,"date":"2024-02-27T08:56:10","date_gmt":"2024-02-27T06:56:10","guid":{"rendered":"https:\/\/greenum.eu\/products\/"},"modified":"2024-06-10T12:59:22","modified_gmt":"2024-06-10T12:59:22","slug":"products","status":"publish","type":"page","link":"https:\/\/greenum.eu\/lv\/products\/","title":{"rendered":"Produkti"},"content":{"rendered":"\t\t<div data-elementor-type=\"wp-page\" data-elementor-id=\"8834\" class=\"elementor elementor-8834 elementor-8811\" data-elementor-post-type=\"page\">\n\t\t\t\t<div class=\"elementor-element elementor-element-d10e951 e-flex e-con-boxed e-con e-parent\" data-id=\"d10e951\" data-element_type=\"container\" data-e-type=\"container\">\n\t\t\t\t\t<div class=\"e-con-inner\">\n\t\t\t\t<div class=\"elementor-element elementor-element-4153d4c elementor-widget elementor-widget-qi_addons_for_elementor_product_category_list\" data-id=\"4153d4c\" data-element_type=\"widget\" data-e-type=\"widget\" data-widget_type=\"qi_addons_for_elementor_product_category_list.default\">\n\t\t\t\t<div class=\"elementor-widget-container\">\n\t\t\t\t\t<div class=\"qodef-shortcode qodef-m qodef-addons-woo-shortcode qodef-qi-woo-product-category-list qodef-item-layout--info-on-image-boxed qodef-image--hover-zoom qodef-qi-grid qodef-layout--qi-columns qodef-col-num--3 qodef-item-layout--info-on-image-boxed qodef-responsive--predefined\">\n\t<div class=\"qodef-grid-inner\">\n\t\t<div class=\"qodef-e qodef-grid-item product-category product first\">\n\t<a href=\"https:\/\/greenum.eu\/lv\/category\/ziepes\/\">\n\t\t\t<div class=\"qodef-e-img-holder\">\n\t\t<img fetchpriority=\"high\" decoding=\"async\" src=\"https:\/\/greenum.eu\/wp-content\/uploads\/2024\/03\/Screenshot-2024-03-14-at-17.03.13-540x330.png\" alt=\"\" width=\"540\" height=\"330\" \/>\t<\/div>\n\t\t\t<h5 class=\"qodef-e-title woocommerce-loop-category__title\">\n\t\tGLICER\u012aNA ZIEPES\t<\/h5>\n\t<\/a>\n<\/div>\n<div class=\"qodef-e qodef-grid-item product-category product\">\n\t<a href=\"https:\/\/greenum.eu\/lv\/category\/dabigas-ellas-2\/\">\n\t\t\t<div class=\"qodef-e-img-holder\">\n\t\t<img decoding=\"async\" src=\"https:\/\/greenum.eu\/wp-content\/uploads\/2024\/03\/Screenshot-2024-03-14-at-16.02.59-540x330.png\" alt=\"\" width=\"540\" height=\"330\" \/>\t<\/div>\n\t\t\t<h5 class=\"qodef-e-title woocommerce-loop-category__title\">\n\t\tDAB\u012aG\u0100S E\u013b\u013bAS\t<\/h5>\n\t<\/a>\n<\/div>\n<div class=\"qodef-e qodef-grid-item product-category product\">\n\t<a href=\"https:\/\/greenum.eu\/lv\/category\/ziepes-ar-lufu\/\">\n\t\t\t<div class=\"qodef-e-img-holder\">\n\t\t<img decoding=\"async\" src=\"https:\/\/greenum.eu\/wp-content\/uploads\/2024\/03\/24-1-540x330.jpg\" alt=\"\" width=\"540\" height=\"330\" \/>\t<\/div>\n\t\t\t<h5 class=\"qodef-e-title woocommerce-loop-category__title\">\n\t\tZIEPES AR LUFU\t<\/h5>\n\t<\/a>\n<\/div>\n<div class=\"qodef-e qodef-grid-item product-category product\">\n\t<a href=\"https:\/\/greenum.eu\/lv\/category\/sejas-krems-2\/\">\n\t\t\t<div class=\"qodef-e-img-holder\">\n\t\t<img loading=\"lazy\" decoding=\"async\" src=\"https:\/\/greenum.eu\/wp-content\/uploads\/2024\/03\/Screenshot-2024-03-14-at-16.37.21-540x330.png\" alt=\"\" width=\"540\" height=\"330\" \/>\t<\/div>\n\t\t\t<h5 class=\"qodef-e-title woocommerce-loop-category__title\">\n\t\tSEJAS KR\u0112MI\t<\/h5>\n\t<\/a>\n<\/div>\n<div class=\"qodef-e qodef-grid-item product-category product last\">\n\t<a href=\"https:\/\/greenum.eu\/lv\/category\/formu-ziepes\/\">\n\t\t\t<div class=\"qodef-e-img-holder\">\n\t\t<img loading=\"lazy\" decoding=\"async\" src=\"https:\/\/greenum.eu\/wp-content\/uploads\/2024\/03\/DSC_5938-Enhanced-NR-scaled-540x330.jpg\" alt=\"\" width=\"540\" height=\"330\" \/>\t<\/div>\n\t\t\t<h5 class=\"qodef-e-title woocommerce-loop-category__title\">\n\t\tFORMU ZIEPES\t<\/h5>\n\t<\/a>\n<\/div>\n<div class=\"qodef-e qodef-grid-item product-category product first\">\n\t<a href=\"https:\/\/greenum.eu\/lv\/category\/masazas-ellas-2\/\">\n\t\t\t<div class=\"qodef-e-img-holder\">\n\t\t<img loading=\"lazy\" decoding=\"async\" src=\"https:\/\/greenum.eu\/wp-content\/uploads\/2024\/03\/MASAZAS-ELLAS-1-scaled-540x330.jpg\" alt=\"\" width=\"540\" height=\"330\" \/>\t<\/div>\n\t\t\t<h5 class=\"qodef-e-title woocommerce-loop-category__title\">\n\t\tMAS\u0100\u017dAS E\u013b\u013bAS\t<\/h5>\n\t<\/a>\n<\/div>\n<div class=\"qodef-e qodef-grid-item product-category product\">\n\t<a href=\"https:\/\/greenum.eu\/lv\/category\/vannas-bumbas\/\">\n\t\t\t<div class=\"qodef-e-img-holder\">\n\t\t<img loading=\"lazy\" decoding=\"async\" src=\"https:\/\/greenum.eu\/wp-content\/uploads\/2024\/03\/VANNAS-BUMBAS-scaled-540x330.jpg\" alt=\"\" width=\"540\" height=\"330\" \/>\t<\/div>\n\t\t\t<h5 class=\"qodef-e-title woocommerce-loop-category__title\">\n\t\tVANNAS BUMBAS\t<\/h5>\n\t<\/a>\n<\/div>\n<div class=\"qodef-e qodef-grid-item product-category product\">\n\t<a href=\"https:\/\/greenum.eu\/lv\/category\/masazas-sveces-2\/\">\n\t\t\t<div class=\"qodef-e-img-holder\">\n\t\t<img loading=\"lazy\" decoding=\"async\" src=\"https:\/\/greenum.eu\/wp-content\/uploads\/2024\/03\/Screenshot-2024-03-14-at-15.47.18-540x330.png\" alt=\"\" width=\"540\" height=\"330\" \/>\t<\/div>\n\t\t\t<h5 class=\"qodef-e-title woocommerce-loop-category__title\">\n\t\tMAS\u0100\u017dAS SVECES\t<\/h5>\n\t<\/a>\n<\/div>\n<div class=\"qodef-e qodef-grid-item product-category product\">\n\t<a href=\"https:\/\/greenum.eu\/lv\/category\/vannas-piens\/\">\n\t\t\t<div class=\"qodef-e-img-holder\">\n\t\t<img loading=\"lazy\" decoding=\"async\" src=\"https:\/\/greenum.eu\/wp-content\/uploads\/2024\/04\/DIZAINBILDE-bath-milk-scaled-540x330.jpg\" alt=\"\" width=\"540\" height=\"330\" \/>\t<\/div>\n\t\t\t<h5 class=\"qodef-e-title woocommerce-loop-category__title\">\n\t\tVANNAS PIENS\t<\/h5>\n\t<\/a>\n<\/div>\n<div class=\"qodef-e qodef-grid-item product-category product last\">\n\t<a href=\"https:\/\/greenum.eu\/lv\/category\/kermena-jogurts-2\/\">\n\t\t\t<div class=\"qodef-e-img-holder\">\n\t\t<img loading=\"lazy\" decoding=\"async\" src=\"https:\/\/greenum.eu\/wp-content\/uploads\/2024\/03\/Screenshot-2024-03-14-at-16.13.15-540x330.png\" alt=\"\" width=\"540\" height=\"330\" \/>\t<\/div>\n\t\t\t<h5 class=\"qodef-e-title woocommerce-loop-category__title\">\n\t\t\u0136ERME\u0145A JOGURTS\t<\/h5>\n\t<\/a>\n<\/div>\n<div class=\"qodef-e qodef-grid-item product-category product first\">\n\t<a href=\"https:\/\/greenum.eu\/lv\/category\/dusas-zeleja\/\">\n\t\t\t<div class=\"qodef-e-img-holder\">\n\t\t<img loading=\"lazy\" decoding=\"async\" src=\"https:\/\/greenum.eu\/wp-content\/uploads\/2024\/03\/DIZAINBILDE-shower-gel-scaled-540x330.jpg\" alt=\"\" width=\"540\" height=\"330\" \/>\t<\/div>\n\t\t\t<h5 class=\"qodef-e-title woocommerce-loop-category__title\">\n\t\tDU\u0160AS \u017dELEJAS\t<\/h5>\n\t<\/a>\n<\/div>\n<div class=\"qodef-e qodef-grid-item product-category product\">\n\t<a href=\"https:\/\/greenum.eu\/lv\/category\/sveces-stikla-trauka-2\/\">\n\t\t\t<div class=\"qodef-e-img-holder\">\n\t\t<img loading=\"lazy\" decoding=\"async\" src=\"https:\/\/greenum.eu\/wp-content\/uploads\/2024\/03\/27-540x330.jpg\" alt=\"\" width=\"540\" height=\"330\" \/>\t<\/div>\n\t\t\t<h5 class=\"qodef-e-title woocommerce-loop-category__title\">\n\t\tSVECES STIKLA TRAUK\u0100\t<\/h5>\n\t<\/a>\n<\/div>\n<div class=\"qodef-e qodef-grid-item product-category product\">\n\t<a href=\"https:\/\/greenum.eu\/lv\/category\/kermena-sviests\/\">\n\t\t\t<div class=\"qodef-e-img-holder\">\n\t\t<img loading=\"lazy\" decoding=\"async\" src=\"https:\/\/greenum.eu\/wp-content\/uploads\/2024\/03\/DIZAINBILDE-body-butter-scaled-540x330.jpg\" alt=\"\" width=\"540\" height=\"330\" \/>\t<\/div>\n\t\t\t<h5 class=\"qodef-e-title woocommerce-loop-category__title\">\n\t\t\u0136ERME\u0145A SVIESTI\t<\/h5>\n\t<\/a>\n<\/div>\n<div class=\"qodef-e qodef-grid-item product-category product\">\n\t<a href=\"https:\/\/greenum.eu\/lv\/category\/vannas-krems\/\">\n\t\t\t<div class=\"qodef-e-img-holder\">\n\t\t<img loading=\"lazy\" decoding=\"async\" src=\"https:\/\/greenum.eu\/wp-content\/uploads\/2024\/03\/Screenshot-2024-03-14-at-15.21.40-540x330.png\" alt=\"\" width=\"540\" height=\"330\" \/>\t<\/div>\n\t\t\t<h5 class=\"qodef-e-title woocommerce-loop-category__title\">\n\t\tVANNAS KR\u0112MERI\t<\/h5>\n\t<\/a>\n<\/div>\n<div class=\"qodef-e qodef-grid-item product-category product last\">\n\t<a href=\"https:\/\/greenum.eu\/lv\/category\/dusas-ella\/\">\n\t\t\t<div class=\"qodef-e-img-holder\">\n\t\t<img loading=\"lazy\" decoding=\"async\" src=\"https:\/\/greenum.eu\/wp-content\/uploads\/2024\/03\/Screenshot-2024-03-14-at-16.03.50-540x330.png\" alt=\"\" width=\"540\" height=\"330\" \/>\t<\/div>\n\t\t\t<h5 class=\"qodef-e-title woocommerce-loop-category__title\">\n\t\tDU\u0160AS E\u013b\u013bAS\t<\/h5>\n\t<\/a>\n<\/div>\n<div class=\"qodef-e qodef-grid-item product-category product first\">\n\t<a href=\"https:\/\/greenum.eu\/lv\/category\/dabigas-ziepes\/\">\n\t\t\t<div class=\"qodef-e-img-holder\">\n\t\t<img loading=\"lazy\" decoding=\"async\" src=\"https:\/\/greenum.eu\/wp-content\/uploads\/2024\/04\/DSC_7224-scaled-540x330.jpg\" alt=\"\" width=\"540\" height=\"330\" \/>\t<\/div>\n\t\t\t<h5 class=\"qodef-e-title woocommerce-loop-category__title\">\n\t\tDAB\u012aG\u0100S ZIEPES\t<\/h5>\n\t<\/a>\n<\/div>\n<div class=\"qodef-e qodef-grid-item product-category product\">\n\t<a href=\"https:\/\/greenum.eu\/lv\/category\/kermena-cukura-skrubis\/\">\n\t\t\t<div class=\"qodef-e-img-holder\">\n\t\t<img loading=\"lazy\" decoding=\"async\" src=\"https:\/\/greenum.eu\/wp-content\/uploads\/2024\/03\/DIZAINBILDE-sugar-scrub-scaled-540x330.jpg\" alt=\"\" width=\"540\" height=\"330\" \/>\t<\/div>\n\t\t\t<h5 class=\"qodef-e-title woocommerce-loop-category__title\">\n\t\t\u0136ERME\u0145A CUKURA SKRUBJI\t<\/h5>\n\t<\/a>\n<\/div>\n<div class=\"qodef-e qodef-grid-item product-category product\">\n\t<a href=\"https:\/\/greenum.eu\/lv\/category\/cietais-sampuns\/\">\n\t\t\t<div class=\"qodef-e-img-holder\">\n\t\t<img loading=\"lazy\" decoding=\"async\" src=\"https:\/\/greenum.eu\/wp-content\/uploads\/2024\/04\/SOLID-SHAMPOO-KOMPOZICIJAS-BILDE-scaled-e1710926714609-540x330.jpg\" alt=\"\" width=\"540\" height=\"330\" \/>\t<\/div>\n\t\t\t<h5 class=\"qodef-e-title woocommerce-loop-category__title\">\n\t\tCIETIE \u0160AMP\u016aNI\t<\/h5>\n\t<\/a>\n<\/div>\n<div class=\"qodef-e qodef-grid-item product-category product\">\n\t<a href=\"https:\/\/greenum.eu\/lv\/category\/kermena-sals-skrubis\/\">\n\t\t\t<div class=\"qodef-e-img-holder\">\n\t\t<img loading=\"lazy\" decoding=\"async\" src=\"https:\/\/greenum.eu\/wp-content\/uploads\/2024\/03\/Screenshot-2024-03-14-at-16.49.01-540x330.png\" alt=\"\" width=\"540\" height=\"330\" \/>\t<\/div>\n\t\t\t<h5 class=\"qodef-e-title woocommerce-loop-category__title\">\n\t\t\u0136ERME\u0145A S\u0100LS SKRUBJI\t<\/h5>\n\t<\/a>\n<\/div>\n<div class=\"qodef-e qodef-grid-item product-category product last\">\n\t<a href=\"https:\/\/greenum.eu\/lv\/category\/dezodorants\/\">\n\t\t\t<div class=\"qodef-e-img-holder\">\n\t\t<img loading=\"lazy\" decoding=\"async\" src=\"https:\/\/greenum.eu\/wp-content\/uploads\/2024\/04\/DEO-CREAM-1-scaled-1-540x330.jpg\" alt=\"\" width=\"540\" height=\"330\" \/>\t<\/div>\n\t\t\t<h5 class=\"qodef-e-title woocommerce-loop-category__title\">\n\t\tDEO KR\u0112MI\t<\/h5>\n\t<\/a>\n<\/div>\n<div class=\"qodef-e qodef-grid-item product-category product first\">\n\t<a href=\"https:\/\/greenum.eu\/lv\/category\/telpu-aromatizetaji\/\">\n\t\t\t<div class=\"qodef-e-img-holder\">\n\t\t<img loading=\"lazy\" decoding=\"async\" src=\"https:\/\/greenum.eu\/wp-content\/uploads\/2024\/03\/DIZAINBILDE-Reed-diffusers-scaled-540x330.jpg\" alt=\"\" width=\"540\" height=\"330\" \/>\t<\/div>\n\t\t\t<h5 class=\"qodef-e-title woocommerce-loop-category__title\">\n\t\tTELPU AROMATIZ\u0112T\u0100JI\t<\/h5>\n\t<\/a>\n<\/div>\n<div class=\"qodef-e qodef-grid-item product-category product\">\n\t<a href=\"https:\/\/greenum.eu\/lv\/category\/eteriskas-ellas\/\">\n\t\t\t<div class=\"qodef-e-img-holder\">\n\t\t<img loading=\"lazy\" decoding=\"async\" src=\"https:\/\/greenum.eu\/wp-content\/uploads\/2024\/09\/DSC_8457-scaled-540x330.jpg\" alt=\"\" width=\"540\" height=\"330\" \/>\t<\/div>\n\t\t\t<h5 class=\"qodef-e-title woocommerce-loop-category__title\">\n\t\t\u0112TERISK\u0100S E\u013b\u013bAS\t<\/h5>\n\t<\/a>\n<\/div>\n<div class=\"qodef-e qodef-grid-item product-category product\">\n\t<a href=\"https:\/\/greenum.eu\/lv\/category\/vannas-sals\/\">\n\t\t\t<div class=\"qodef-e-img-holder\">\n\t\t<img loading=\"lazy\" decoding=\"async\" src=\"https:\/\/greenum.eu\/wp-content\/uploads\/2024\/03\/DIZAINBILDE-bath-salt-scaled-540x330.jpg\" alt=\"\" width=\"540\" height=\"330\" \/>\t<\/div>\n\t\t\t<h5 class=\"qodef-e-title woocommerce-loop-category__title\">\n\t\tVANNAS S\u0100LS\t<\/h5>\n\t<\/a>\n<\/div>\n<div class=\"qodef-e qodef-grid-item product-category product\">\n\t<a href=\"https:\/\/greenum.eu\/lv\/category\/sveces-keramikas-trauka-2\/\">\n\t\t\t<div class=\"qodef-e-img-holder\">\n\t\t<img loading=\"lazy\" decoding=\"async\" src=\"https:\/\/greenum.eu\/wp-content\/uploads\/2024\/03\/28-540x330.jpg\" alt=\"\" width=\"540\" height=\"330\" \/>\t<\/div>\n\t\t\t<h5 class=\"qodef-e-title woocommerce-loop-category__title\">\n\t\tSVECES KERAMIKAS TRAUK\u0100\t<\/h5>\n\t<\/a>\n<\/div>\n<div class=\"qodef-e qodef-grid-item product-category product last\">\n\t<a href=\"https:\/\/greenum.eu\/lv\/category\/kermena-krems-2\/\">\n\t\t\t<div class=\"qodef-e-img-holder\">\n\t\t<img loading=\"lazy\" decoding=\"async\" src=\"https:\/\/greenum.eu\/wp-content\/uploads\/2024\/03\/Screenshot-2024-03-14-at-16.45.04-540x330.png\" alt=\"\" width=\"540\" height=\"330\" \/>\t<\/div>\n\t\t\t<h5 class=\"qodef-e-title woocommerce-loop-category__title\">\n\t\t\u0136ERME\u0145A KR\u0112MI\t<\/h5>\n\t<\/a>\n<\/div>\n<div class=\"qodef-e qodef-grid-item product-category product first\">\n\t<a href=\"https:\/\/greenum.eu\/lv\/category\/dusas-sufle-2\/\">\n\t\t\t<div class=\"qodef-e-img-holder\">\n\t\t<img loading=\"lazy\" decoding=\"async\" src=\"https:\/\/greenum.eu\/wp-content\/uploads\/2024\/03\/DUSAS-SUFLE-KOMPOZICIJAS-BILDE-scaled-540x330.jpg\" alt=\"\" width=\"540\" height=\"330\" \/>\t<\/div>\n\t\t\t<h5 class=\"qodef-e-title woocommerce-loop-category__title\">\n\t\tDU\u0160AS ZEF\u012aRI\t<\/h5>\n\t<\/a>\n<\/div>\n<div class=\"qodef-e qodef-grid-item product-category product\">\n\t<a href=\"https:\/\/greenum.eu\/lv\/category\/ziedudeni-2\/\">\n\t\t\t<div class=\"qodef-e-img-holder\">\n\t\t<img loading=\"lazy\" decoding=\"async\" src=\"https:\/\/greenum.eu\/wp-content\/uploads\/2024\/03\/Screenshot-2024-03-14-at-16.16.25-540x330.png\" alt=\"\" width=\"540\" height=\"330\" \/>\t<\/div>\n\t\t\t<h5 class=\"qodef-e-title woocommerce-loop-category__title\">\n\t\t\u0136ERME\u0145A SPREJI\t<\/h5>\n\t<\/a>\n<\/div>\n\t<\/div>\n<\/div>\n\t\t\t\t<\/div>\n\t\t\t\t<\/div>\n\t\t\t\t\t<\/div>\n\t\t\t\t<\/div>\n\t\t\t\t<\/div>\n\t\t","protected":false},"excerpt":{"rendered":"<p>GLICER\u012aNA ZIEPES DAB\u012aG\u0100S ZIEPES ZIEPES AR LUFU FORMU ZIEPES VANNAS BUMBAS VANNAS KR\u0112MERI VANNAS PIENS VANNAS S\u0100LS \u0136ERME\u0145A S\u0100LS SKRUBJI \u0136ERME\u0145A CUKURA SKRUBJI DU\u0160AS \u017dELEJAS DU\u0160AS E\u013b\u013bAS DU\u0160AS ZEF\u012aRI CIETIE \u0160AMP\u016aNI \u0136ERME\u0145A JOGURTI \u0136ERME\u0145A KR\u0112MI \u0136ERME\u0145A SVIESTI \u0136ERME\u0145A SPREJI DEO [&hellip;]<\/p>\n","protected":false},"author":2,"featured_media":0,"parent":0,"menu_order":0,"comment_status":"closed","ping_status":"closed","template":"","meta":{"inline_featured_image":false,"footnotes":""},"class_list":["post-8834","page","type-page","status-publish","hentry"],"_links":{"self":[{"href":"https:\/\/greenum.eu\/lv\/wp-json\/wp\/v2\/pages\/8834","targetHints":{"allow":["GET"]}}],"collection":[{"href":"https:\/\/greenum.eu\/lv\/wp-json\/wp\/v2\/pages"}],"about":[{"href":"https:\/\/greenum.eu\/lv\/wp-json\/wp\/v2\/types\/page"}],"author":[{"embeddable":true,"href":"https:\/\/greenum.eu\/lv\/wp-json\/wp\/v2\/users\/2"}],"replies":[{"embeddable":true,"href":"https:\/\/greenum.eu\/lv\/wp-json\/wp\/v2\/comments?post=8834"}],"version-history":[{"count":3,"href":"https:\/\/greenum.eu\/lv\/wp-json\/wp\/v2\/pages\/8834\/revisions"}],"predecessor-version":[{"id":17917,"href":"https:\/\/greenum.eu\/lv\/wp-json\/wp\/v2\/pages\/8834\/revisions\/17917"}],"wp:attachment":[{"href":"https:\/\/greenum.eu\/lv\/wp-json\/wp\/v2\/media?parent=8834"}],"curies":[{"name":"wp","href":"https:\/\/api.w.org\/{rel}","templated":true}]}}